{"id":132,"date":"2025-09-01T14:27:54","date_gmt":"2025-09-01T14:27:54","guid":{"rendered":"https:\/\/ipcrg2026.org\/?page_id=132"},"modified":"2025-11-12T14:26:18","modified_gmt":"2025-11-12T14:26:18","slug":"committees","status":"publish","type":"page","link":"https:\/\/ipcrg2026.org\/index.php\/committees\/","title":{"rendered":"Committees"},"content":{"rendered":"\t\t<div data-elementor-type=\"wp-page\" data-elementor-id=\"132\" class=\"elementor elementor-132\" data-elementor-post-type=\"page\">\n\t\t\t\t<div class=\"elementor-element elementor-element-ff871c3 e-con-full e-flex e-con e-parent\" data-id=\"ff871c3\" data-element_type=\"container\" data-e-type=\"container\">\n\t\t<div class=\"elementor-element elementor-element-62c41c8 e-con-full e-flex e-con e-child\" data-id=\"62c41c8\" data-element_type=\"container\" data-e-type=\"container\" data-settings=\"{&quot;background_background&quot;:&quot;classic&quot;}\">\n\t\t\t\t<\/div>\n\t\t<div class=\"elementor-element elementor-element-b0f08cd e-con-full e-flex e-con e-child\" data-id=\"b0f08cd\" data-element_type=\"container\" data-e-type=\"container\" data-settings=\"{&quot;background_background&quot;:&quot;classic&quot;}\">\n\t\t\t\t<div class=\"elementor-element elementor-element-57f2f21 elementor-widget elementor-widget-html\" data-id=\"57f2f21\" data-element_type=\"widget\" data-e-type=\"widget\" data-widget_type=\"html.default\">\n\t\t\t\t\t<!--Content before waves-->\n<div class=\"inner-header flex\">\n\n\n<!--Waves Container-->\n<div>\n<svg class=\"waves\" xmlns=\"http:\/\/www.w3.org\/2000\/svg\" xmlns:xlink=\"http:\/\/www.w3.org\/1999\/xlink\"\nviewBox=\"0 24 150 28\" preserveAspectRatio=\"none\" shape-rendering=\"auto\">\n<defs>\n<path id=\"gentle-wave\" d=\"M-160 44c30 0 58-18 88-18s 58 18 88 18 58-18 88-18 58 18 88 18 v44h-352z\" \/>\n<\/defs>\n<g class=\"parallax\">\n<use xlink:href=\"#gentle-wave\" x=\"48\" y=\"0\" fill=\"rgba(255,255,255,0.7\" \/>\n<use xlink:href=\"#gentle-wave\" x=\"48\" y=\"3\" fill=\"rgba(255,255,255,0.5)\" \/>\n<use xlink:href=\"#gentle-wave\" x=\"48\" y=\"5\" fill=\"rgba(255,255,255,0.3)\" \/>\n<use xlink:href=\"#gentle-wave\" x=\"48\" y=\"7\" fill=\"#fff\" \/>\n<\/g>\n<\/svg>\n<\/div>\n<!--Waves end-->\n\t\t\t\t<\/div>\n\t\t\t\t<\/div>\n\t\t\t\t<\/div>\n\t\t<div class=\"elementor-element elementor-element-2956e06 e-flex e-con-boxed elementor-invisible e-con e-parent\" data-id=\"2956e06\" data-element_type=\"container\" data-e-type=\"container\" data-settings=\"{&quot;background_background&quot;:&quot;classic&quot;,&quot;animation&quot;:&quot;fadeInUp&quot;}\">\n\t\t\t\t\t<div class=\"e-con-inner\">\n\t\t\t\t<div class=\"elementor-element elementor-element-efd3a5d elementor-widget-divider--view-line_text elementor-widget-divider--element-align-center elementor-widget elementor-widget-divider\" data-id=\"efd3a5d\" data-element_type=\"widget\" data-e-type=\"widget\" data-widget_type=\"divider.default\">\n\t\t\t\t\t\t\t<div class=\"elementor-divider\">\n\t\t\t<span class=\"elementor-divider-separator\">\n\t\t\t\t\t\t\t<span class=\"elementor-divider__text elementor-divider__element\">\n\t\t\t\tScientific Programme Committee\t\t\t\t<\/span>\n\t\t\t\t\t\t<\/span>\n\t\t<\/div>\n\t\t\t\t\t\t<\/div>\n\t\t\t\t<div class=\"elementor-element elementor-element-f4aca01 elementor-widget elementor-widget-heading\" data-id=\"f4aca01\" data-element_type=\"widget\" data-e-type=\"widget\" data-widget_type=\"heading.default\">\n\t\t\t\t\t<h2 class=\"elementor-heading-title elementor-size-default\">Co-chairs:<\/h2>\t\t\t\t<\/div>\n\t\t\t\t<div class=\"elementor-element elementor-element-b9ed32f elementor-widget elementor-widget-text-editor\" data-id=\"b9ed32f\" data-element_type=\"widget\" data-e-type=\"widget\" data-widget_type=\"text-editor.default\">\n\t\t\t\t\t\t\t\t\t<p><strong>Habib Ghedira<\/strong> (Tunisia)<br \/>Medical Doctor specialising in Pulmonology, Professor, Former Teacher at the Faculty of Medicine of Tunis; Private Clinic, Lac 2, Tunis, Tunisia<\/p><p><strong>Si\u00e2n Williams<\/strong> (UK)<br \/>IPCRG Chief Executive Officer, MA, MSc, DLSHTM<\/p>\t\t\t\t\t\t\t\t<\/div>\n\t\t\t\t\t<\/div>\n\t\t\t\t<\/div>\n\t\t<div class=\"elementor-element elementor-element-a5359af e-flex e-con-boxed elementor-invisible e-con e-parent\" data-id=\"a5359af\" data-element_type=\"container\" data-e-type=\"container\" data-settings=\"{&quot;animation&quot;:&quot;fadeInUp&quot;}\">\n\t\t\t\t\t<div class=\"e-con-inner\">\n\t\t\t\t<div class=\"elementor-element elementor-element-bd41e02 elementor-widget elementor-widget-heading\" data-id=\"bd41e02\" data-element_type=\"widget\" data-e-type=\"widget\" data-widget_type=\"heading.default\">\n\t\t\t\t\t<h2 class=\"elementor-heading-title elementor-size-default\">Members:<\/h2>\t\t\t\t<\/div>\n\t\t\t\t<div class=\"elementor-element elementor-element-9f0c4f0 elementor-widget elementor-widget-text-editor\" data-id=\"9f0c4f0\" data-element_type=\"widget\" data-e-type=\"widget\" data-widget_type=\"text-editor.default\">\n\t\t\t\t\t\t\t\t\t<p><strong>Syrine Bellakhal<\/strong> (Tunisia)<br \/>Physician and associate professor of internal medicine at the Faculty of Medicine of Tunis, University of Tunis El Manar<\/p><p><strong>Ghada Essam El-Din Amin<\/strong> (Egypt)<br \/>Professor of Community Medicine and Primary Care, Head of the Department of Family Medicine, Ain Shams University, Cairo<\/p><p><strong>Mounia Serraj<\/strong> (Morocco)<br \/>Professor of Pulmonology Faculty of Medecine, Fez, Morocco; Head of the Respiratory Physiology Module at the Faculty of Medicine and Pharmacy of FES; Head of the Respiratory Intensive Care Unit in the Pulmonology Department at Hassan II University Hospital, FES; Head of the Neuromuscular Disease Exploration Unit; President of APRFM (Association of Pulmonologists of the Fes-Meknes Region)<\/p><p><strong>Samya Taright-Mahi<\/strong> (Algeria)<br \/>Professor and Head of the Respiratory Diseases Clinic at CHU Mustapha in Algiers and President of the Algerian Society of Pulmonology<\/p><p><strong>Mar\u00eda Mar Mart\u00ednez V\u00e1zquez <\/strong>(Spain)<br \/>Member and leader of international relations with the IPCRG of the National Group of Respiratory in Primary Care (GRAP), <br \/>associate professor at the University of Medicine of the Basque Country<\/p><p><strong>Ioanna Tsiligianni<\/strong> (Greece)<br \/>Professor of General Practice and Public Health, Faculty of Medicine, University of Crete<\/p><p><strong>Neil Fitch<\/strong> (Belgium)<\/p>\t\t\t\t\t\t\t\t<\/div>\n\t\t\t\t\t<\/div>\n\t\t\t\t<\/div>\n\t\t<div class=\"elementor-element elementor-element-c3dbe20 e-flex e-con-boxed elementor-invisible e-con e-parent\" data-id=\"c3dbe20\" data-element_type=\"container\" data-e-type=\"container\" data-settings=\"{&quot;animation&quot;:&quot;fadeInUp&quot;}\">\n\t\t\t\t\t<div class=\"e-con-inner\">\n\t\t\t\t<div class=\"elementor-element elementor-element-52b1061 elementor-widget-divider--view-line_text elementor-widget-divider--element-align-center elementor-widget elementor-widget-divider\" data-id=\"52b1061\" data-element_type=\"widget\" data-e-type=\"widget\" data-widget_type=\"divider.default\">\n\t\t\t\t\t\t\t<div class=\"elementor-divider\">\n\t\t\t<span class=\"elementor-divider-separator\">\n\t\t\t\t\t\t\t<span class=\"elementor-divider__text elementor-divider__element\">\n\t\t\t\tLocal Organising Committee\t\t\t\t<\/span>\n\t\t\t\t\t\t<\/span>\n\t\t<\/div>\n\t\t\t\t\t\t<\/div>\n\t\t\t\t\t<\/div>\n\t\t\t\t<\/div>\n\t\t<div class=\"elementor-element elementor-element-ab1432d e-flex e-con-boxed elementor-invisible e-con e-parent\" data-id=\"ab1432d\" data-element_type=\"container\" data-e-type=\"container\" data-settings=\"{&quot;animation&quot;:&quot;fadeInUp&quot;}\">\n\t\t\t\t\t<div class=\"e-con-inner\">\n\t\t\t\t<div class=\"elementor-element elementor-element-8dec8a5 elementor-widget elementor-widget-heading\" data-id=\"8dec8a5\" data-element_type=\"widget\" data-e-type=\"widget\" data-widget_type=\"heading.default\">\n\t\t\t\t\t<h2 class=\"elementor-heading-title elementor-size-default\">Chair:<\/h2>\t\t\t\t<\/div>\n\t\t\t\t<div class=\"elementor-element elementor-element-ed8dd76 elementor-widget elementor-widget-text-editor\" data-id=\"ed8dd76\" data-element_type=\"widget\" data-e-type=\"widget\" data-widget_type=\"text-editor.default\">\n\t\t\t\t\t\t\t\t\t<p><strong>Habib Ghedira<\/strong> (Tunisia)<\/p>\t\t\t\t\t\t\t\t<\/div>\n\t\t\t\t<div class=\"elementor-element elementor-element-b3f99eb elementor-widget elementor-widget-heading\" data-id=\"b3f99eb\" data-element_type=\"widget\" data-e-type=\"widget\" data-widget_type=\"heading.default\">\n\t\t\t\t\t<h2 class=\"elementor-heading-title elementor-size-default\">Coordinators:<\/h2>\t\t\t\t<\/div>\n\t\t\t\t<div class=\"elementor-element elementor-element-e4543da elementor-widget elementor-widget-text-editor\" data-id=\"e4543da\" data-element_type=\"widget\" data-e-type=\"widget\" data-widget_type=\"text-editor.default\">\n\t\t\t\t\t\t\t\t\t<p><strong>Maha Hachicha<\/strong> (Tunisia) &amp; <strong>Sarah Ben Hamida<\/strong> (Tunisia)<\/p>\t\t\t\t\t\t\t\t<\/div>\n\t\t\t\t<div class=\"elementor-element elementor-element-eac9b89 elementor-widget elementor-widget-heading\" data-id=\"eac9b89\" data-element_type=\"widget\" data-e-type=\"widget\" data-widget_type=\"heading.default\">\n\t\t\t\t\t<h2 class=\"elementor-heading-title elementor-size-default\">Members:<\/h2>\t\t\t\t<\/div>\n\t\t\t\t<div class=\"elementor-element elementor-element-e5fc4d5 elementor-widget elementor-widget-text-editor\" data-id=\"e5fc4d5\" data-element_type=\"widget\" data-e-type=\"widget\" data-widget_type=\"text-editor.default\">\n\t\t\t\t\t\t\t\t\t<p><strong>Naoufel Amira<\/strong> (Tunisia)<\/p><p><strong>Hichem Babay<\/strong> (Tunisia)<\/p><p><strong>Asma Ben Braham<\/strong> (Tunisia)<\/p><p><strong>Rafik Ben Chehida<\/strong> (Tunisia)<\/p><p><strong>Aouatef Chadi<\/strong> (Tunisia)<\/p><p><strong>Imen Chkir<\/strong> (Tunisia)<\/p><p><strong>Mehdi Dridi<\/strong> (Tunisia)<\/p><p><strong>Abdelaziz Hamdane<\/strong> (Tunisia)<\/p><p><strong>Ahlem Helali<\/strong> (Tunisia)<\/p><p><strong>Nesrine Ksouri<\/strong> (Tunisia)<\/p><p><strong>Ikram Mhiri<\/strong> (Tunisia)<\/p><p><strong>Hanene Rzigui<\/strong> (Tunisia)<\/p>\t\t\t\t\t\t\t\t<\/div>\n\t\t\t\t\t<\/div>\n\t\t\t\t<\/div>\n\t\t<div class=\"elementor-element elementor-element-03a5af3 e-flex e-con-boxed elementor-invisible e-con e-parent\" data-id=\"03a5af3\" data-element_type=\"container\" data-e-type=\"container\" data-settings=\"{&quot;animation&quot;:&quot;fadeInUp&quot;}\">\n\t\t\t\t\t<div class=\"e-con-inner\">\n\t\t\t\t<div class=\"elementor-element elementor-element-7a390a2 elementor-widget-divider--view-line_text elementor-widget-divider--element-align-center elementor-widget elementor-widget-divider\" data-id=\"7a390a2\" data-element_type=\"widget\" data-e-type=\"widget\" data-widget_type=\"divider.default\">\n\t\t\t\t\t\t\t<div class=\"elementor-divider\">\n\t\t\t<span class=\"elementor-divider-separator\">\n\t\t\t\t\t\t\t<span class=\"elementor-divider__text elementor-divider__element\">\n\t\t\t\tAbstracts Committee\t\t\t\t<\/span>\n\t\t\t\t\t\t<\/span>\n\t\t<\/div>\n\t\t\t\t\t\t<\/div>\n\t\t\t\t\t<\/div>\n\t\t\t\t<\/div>\n\t\t<div class=\"elementor-element elementor-element-25d2c31 e-flex e-con-boxed elementor-invisible e-con e-parent\" data-id=\"25d2c31\" data-element_type=\"container\" data-e-type=\"container\" data-settings=\"{&quot;animation&quot;:&quot;fadeInUp&quot;}\">\n\t\t\t\t\t<div class=\"e-con-inner\">\n\t\t\t\t<div class=\"elementor-element elementor-element-4088382 elementor-widget elementor-widget-heading\" data-id=\"4088382\" data-element_type=\"widget\" data-e-type=\"widget\" data-widget_type=\"heading.default\">\n\t\t\t\t\t<h2 class=\"elementor-heading-title elementor-size-default\">Co-chairs:<\/h2>\t\t\t\t<\/div>\n\t\t\t\t<div class=\"elementor-element elementor-element-70ec982 elementor-widget elementor-widget-text-editor\" data-id=\"70ec982\" data-element_type=\"widget\" data-e-type=\"widget\" data-widget_type=\"text-editor.default\">\n\t\t\t\t\t\t\t\t\t<p><strong>Awatef Chadi<\/strong> (Tunisia)<\/p><p>Family Medicine<\/p><p><strong>Oumnya Atef Mahmoud<\/strong> <strong>Abdelakey <\/strong>(Egypt)<\/p><p>Family Medicine<\/p>\t\t\t\t\t\t\t\t<\/div>\n\t\t\t\t<div class=\"elementor-element elementor-element-96c013b elementor-widget elementor-widget-heading\" data-id=\"96c013b\" data-element_type=\"widget\" data-e-type=\"widget\" data-widget_type=\"heading.default\">\n\t\t\t\t\t<h2 class=\"elementor-heading-title elementor-size-default\">Members:<\/h2>\t\t\t\t<\/div>\n\t\t\t\t<div class=\"elementor-element elementor-element-187f842 elementor-widget elementor-widget-text-editor\" data-id=\"187f842\" data-element_type=\"widget\" data-e-type=\"widget\" data-widget_type=\"text-editor.default\">\n\t\t\t\t\t\t\t\t\t<p><strong>Amanda Farley<\/strong>\u00a0(UK)<br \/>Associate professor in Public Health and Epidemiology, Institute of Applied Health Research, University of Birmingham, UK<\/p><p><strong>Habib Ghedira<\/strong> (Tunisia)<br \/>Medical Doctor specialising in Pulmonology, Professor, Former Teacher at the Faculty of Medicine of Tunis; Private Clinic, Lac 2, Tunis, Tunisia<\/p><p><strong>Rachel Jordan\u00a0<\/strong>(UK)<br \/>Professor in Epidemiology and Primary Carer, Institute of Applied Health Research, University of Birmingham; College Academic Lead for Global Health Research<\/p><p><strong>Janwillem Kocks<\/strong>\u00a0(Singapore)<br \/>General Practitioner, Professor of Inhalation Medicine, OPRI, Singapore; Director GPRI; Past President of the International Primary Care Respiratory Group<\/p><p><strong>Siti Nurkamilla Ramdzan\u00a0<\/strong>(Malaysia)<br \/>MD, General practitioner, Head of the Department of Primary Care Medicine at Universiti Malaya, Malaysia, PhD in Global Health at the University of Edinburgh, UK. MBBS in Family Medicine and Lecturer at the University of Malaya<\/p><p><strong>Miguel Roman Rodriguez\u00a0<\/strong>(Spain)<br \/>Family Doctor &#8211; Centro de salud Son Pis\u00e1, Palma, Mallorca, Spain; Associate Professor of Family Medicine, University of Islas Baleares School of Medicine, Mallorca<\/p><p><strong>Hanna Sandelowsky\u00a0<\/strong>(Sweden)<br \/>MD, PhD, General Practitioner &amp; Resident in Allergology, Karolinska University Hospital, Stockholm; Senior researcher, Academic Primary Health Care Centre, Stockholm County Council and Karolinska Institutet, NVS, Section for Family Medicine and Primary Care, Stockholm; Board member of The Swedish Primary Care Respiratory Group; Member of The Swedish Pulmonary Society\u2019s Scientific Committee<\/p><p><strong>Job FM van Boven\u00a0<\/strong>(The Netherlands)<br \/>Pharmacist, health economist, Assistant Professor, University Medical Center Groningen, University of Groningen, The Netherlands<\/p><p><strong>Si\u00e2n Williams<\/strong> (UK)<br \/>IPCRG Chief Executive Officer, MA, MSc, DLSHTM<\/p>\t\t\t\t\t\t\t\t<\/div>\n\t\t\t\t<div class=\"elementor-element elementor-element-0044244 elementor-widget elementor-widget-heading\" data-id=\"0044244\" data-element_type=\"widget\" data-e-type=\"widget\" data-widget_type=\"heading.default\">\n\t\t\t\t\t<h2 class=\"elementor-heading-title elementor-size-default\">Coordinator: <\/h2>\t\t\t\t<\/div>\n\t\t\t\t<div class=\"elementor-element elementor-element-82c640b elementor-widget elementor-widget-text-editor\" data-id=\"82c640b\" data-element_type=\"widget\" data-e-type=\"widget\" data-widget_type=\"text-editor.default\">\n\t\t\t\t\t\t\t\t\t<p><strong>Neil Fitch<\/strong> (Belgium)<\/p>\t\t\t\t\t\t\t\t<\/div>\n\t\t\t\t<div class=\"elementor-element elementor-element-61242df elementor-widget-divider--view-line_text elementor-widget-divider--element-align-center elementor-invisible elementor-widget elementor-widget-divider\" data-id=\"61242df\" data-element_type=\"widget\" data-e-type=\"widget\" data-settings=\"{&quot;motion_fx_motion_fx_scrolling&quot;:&quot;yes&quot;,&quot;_animation&quot;:&quot;fadeInUp&quot;,&quot;motion_fx_devices&quot;:[&quot;desktop&quot;,&quot;tablet&quot;,&quot;mobile&quot;]}\" data-widget_type=\"divider.default\">\n\t\t\t\t\t\t\t<div class=\"elementor-divider\">\n\t\t\t<span class=\"elementor-divider-separator\">\n\t\t\t\t\t\t\t<span class=\"elementor-divider__text elementor-divider__element\">\n\t\t\t\tOrganising Committee\t\t\t\t<\/span>\n\t\t\t\t\t\t<\/span>\n\t\t<\/div>\n\t\t\t\t\t\t<\/div>\n\t\t\t\t\t<\/div>\n\t\t\t\t<\/div>\n\t\t<div class=\"elementor-element elementor-element-ab29c7d e-flex e-con-boxed elementor-invisible e-con e-parent\" data-id=\"ab29c7d\" data-element_type=\"container\" data-e-type=\"container\" data-settings=\"{&quot;animation&quot;:&quot;fadeInUp&quot;}\">\n\t\t\t\t\t<div class=\"e-con-inner\">\n\t\t\t\t<div class=\"elementor-element elementor-element-57fc97d elementor-widget elementor-widget-heading\" data-id=\"57fc97d\" data-element_type=\"widget\" data-e-type=\"widget\" data-widget_type=\"heading.default\">\n\t\t\t\t\t<h2 class=\"elementor-heading-title elementor-size-default\">Chair: <\/h2>\t\t\t\t<\/div>\n\t\t\t\t<div class=\"elementor-element elementor-element-06f9b53 elementor-widget elementor-widget-text-editor\" data-id=\"06f9b53\" data-element_type=\"widget\" data-e-type=\"widget\" data-widget_type=\"text-editor.default\">\n\t\t\t\t\t\t\t\t\t<p><strong>Si\u00e2n Williams<\/strong> (UK)<\/p>\t\t\t\t\t\t\t\t<\/div>\n\t\t\t\t\t<\/div>\n\t\t\t\t<\/div>\n\t\t<div class=\"elementor-element elementor-element-fce33b5 e-flex e-con-boxed e-con e-parent\" data-id=\"fce33b5\" data-element_type=\"container\" data-e-type=\"container\">\n\t\t\t\t\t<div class=\"e-con-inner\">\n\t\t\t\t<div class=\"elementor-element elementor-element-8cf015f elementor-widget elementor-widget-text-editor\" data-id=\"8cf015f\" data-element_type=\"widget\" data-e-type=\"widget\" data-widget_type=\"text-editor.default\">\n\t\t\t\t\t\t\t\t\t<p><strong>Nicola Connor<\/strong> (UK)<\/p><p><strong>Neil Fitch<\/strong> (Belgium)<\/p><p><strong>Habib Ghedira<\/strong> (Tunisia)<\/p>\t\t\t\t\t\t\t\t<\/div>\n\t\t\t\t\t<\/div>\n\t\t\t\t<\/div>\n\t\t\t\t<\/div>\n\t\t","protected":false},"excerpt":{"rendered":"<p>Scientific Programme Committee Co-chairs: Habib Ghedira (Tunisia)Medical Doctor specialising in Pulmonology, Professor, Former Teacher at the Faculty of Medicine of Tunis; Private Clinic, Lac 2, Tunis, Tunisia Si\u00e2n Williams (UK)IPCRG Chief Executive Officer, MA, MSc, DLSHTM Members: Syrine Bellakhal (Tunisia)Physician and associate professor of internal medicine at the Faculty of Medicine of Tunis, University of [&hellip;]<\/p>\n","protected":false},"author":2,"featured_media":0,"parent":0,"menu_order":0,"comment_status":"closed","ping_status":"closed","template":"elementor_header_footer","meta":{"footnotes":""},"class_list":["post-132","page","type-page","status-publish","hentry"],"aioseo_notices":[],"_links":{"self":[{"href":"https:\/\/ipcrg2026.org\/index.php\/wp-json\/wp\/v2\/pages\/132","targetHints":{"allow":["GET"]}}],"collection":[{"href":"https:\/\/ipcrg2026.org\/index.php\/wp-json\/wp\/v2\/pages"}],"about":[{"href":"https:\/\/ipcrg2026.org\/index.php\/wp-json\/wp\/v2\/types\/page"}],"author":[{"embeddable":true,"href":"https:\/\/ipcrg2026.org\/index.php\/wp-json\/wp\/v2\/users\/2"}],"replies":[{"embeddable":true,"href":"https:\/\/ipcrg2026.org\/index.php\/wp-json\/wp\/v2\/comments?post=132"}],"version-history":[{"count":34,"href":"https:\/\/ipcrg2026.org\/index.php\/wp-json\/wp\/v2\/pages\/132\/revisions"}],"predecessor-version":[{"id":485,"href":"https:\/\/ipcrg2026.org\/index.php\/wp-json\/wp\/v2\/pages\/132\/revisions\/485"}],"wp:attachment":[{"href":"https:\/\/ipcrg2026.org\/index.php\/wp-json\/wp\/v2\/media?parent=132"}],"curies":[{"name":"wp","href":"https:\/\/api.w.org\/{rel}","templated":true}]}}